













{"id":17026,"date":"2021-01-11T14:33:38","date_gmt":"2021-01-11T14:33:38","guid":{"rendered":"https:\/\/ardenslaw2020.je-hosting.co.uk\/?page_id=17026"},"modified":"2021-11-03T17:08:01","modified_gmt":"2021-11-03T17:08:01","slug":"personal-bankruptcy","status":"publish","type":"page","link":"https:\/\/www.ardenslaw.com\/pl\/services-for-you\/personal-bankruptcy\/","title":{"rendered":"(English) Personal bankruptcy"},"content":{"rendered":"<p class=\"qtranxs-available-languages-message qtranxs-available-languages-message-pl\">Niedost\u0119pna wiadomo\u015b\u0107<\/p>","protected":false},"excerpt":{"rendered":"<p>Niedost\u0119pna wiadomo\u015b\u0107<\/p>\n","protected":false},"author":1,"featured_media":16948,"parent":16449,"menu_order":0,"comment_status":"closed","ping_status":"closed","template":"services-for-you-page.php","meta":{"cybocfi_hide_featured_image":""},"yoast_head":"<!-- This site is optimized with the Yoast SEO plugin v15.8 - https:\/\/yoast.com\/wordpress\/plugins\/seo\/ -->\n<title><\/title>\n<meta name=\"description\" content=\"Ardens Solicitors law firm offers personal bankruptcy service for you. Contact us today +44 (0)20 7100 7098 or submit an inquiry on our website!\" \/>\n<meta name=\"robots\" content=\"index, follow, max-snippet:-1, max-image-preview:large, max-video-preview:-1\" \/>\n<link rel=\"canonical\" href=\"https:\/\/www.ardenslaw.com\/services-for-you\/personal-bankruptcy\/\" \/>\n<meta property=\"og:locale\" content=\"pl_PL\" \/>\n<meta property=\"og:type\" content=\"article\" \/>\n<meta property=\"og:title\" content=\"[:en]Personal bankruptcy[:] - Ardens Solicitors\" \/>\n<meta property=\"og:description\" content=\"Ardens Solicitors law firm offers personal bankruptcy service for you. Contact us today +44 (0)20 7100 7098 or submit an inquiry on our website!\" \/>\n<meta property=\"og:url\" content=\"https:\/\/www.ardenslaw.com\/services-for-you\/personal-bankruptcy\/\" \/>\n<meta property=\"og:site_name\" content=\"Ardens Solicitors\" \/>\n<meta property=\"article:modified_time\" content=\"2021-11-03T17:08:01+00:00\" \/>\n<meta property=\"og:image\" content=\"https:\/\/www.ardenslaw.com\/wp-content\/uploads\/2020\/11\/Employment-law.jpg\" \/>\n\t<meta property=\"og:image:width\" content=\"2000\" \/>\n\t<meta property=\"og:image:height\" content=\"450\" \/>\n<meta name=\"twitter:card\" content=\"summary_large_image\" \/>\n<meta name=\"twitter:label1\" content=\"Est. reading time\">\n\t<meta name=\"twitter:data1\" content=\"2 minuty\">\n<script type=\"application\/ld+json\" class=\"yoast-schema-graph\">{\"@context\":\"https:\/\/schema.org\",\"@graph\":[{\"@type\":\"WebSite\",\"@id\":\"https:\/\/www.ardenslaw.com\/#website\",\"url\":\"https:\/\/www.ardenslaw.com\/\",\"name\":\"Ardens Solicitors\",\"description\":\"We are a multicultural firm and take pride in our ability to serve a diverse client base.\",\"potentialAction\":[{\"@type\":\"SearchAction\",\"target\":\"https:\/\/www.ardenslaw.com\/?s={search_term_string}\",\"query-input\":\"required name=search_term_string\"}],\"inLanguage\":\"pl-PL\"},{\"@type\":\"ImageObject\",\"@id\":\"https:\/\/www.ardenslaw.com\/services-for-you\/personal-bankruptcy\/#primaryimage\",\"inLanguage\":\"pl-PL\",\"url\":\"https:\/\/www.ardenslaw.com\/wp-content\/uploads\/2020\/11\/Employment-law.jpg\",\"width\":2000,\"height\":450,\"caption\":\"Employment law\"},{\"@type\":\"WebPage\",\"@id\":\"https:\/\/www.ardenslaw.com\/services-for-you\/personal-bankruptcy\/#webpage\",\"url\":\"https:\/\/www.ardenslaw.com\/services-for-you\/personal-bankruptcy\/\",\"name\":\"[:en]Personal bankruptcy[:] - Ardens Solicitors\",\"isPartOf\":{\"@id\":\"https:\/\/www.ardenslaw.com\/#website\"},\"primaryImageOfPage\":{\"@id\":\"https:\/\/www.ardenslaw.com\/services-for-you\/personal-bankruptcy\/#primaryimage\"},\"datePublished\":\"2021-01-11T14:33:38+00:00\",\"dateModified\":\"2021-11-03T17:08:01+00:00\",\"description\":\"Ardens Solicitors law firm offers personal bankruptcy service for you. Contact us today +44 (0)20 7100 7098 or submit an inquiry on our website!\",\"breadcrumb\":{\"@id\":\"https:\/\/www.ardenslaw.com\/services-for-you\/personal-bankruptcy\/#breadcrumb\"},\"inLanguage\":\"pl-PL\",\"potentialAction\":[{\"@type\":\"ReadAction\",\"target\":[\"https:\/\/www.ardenslaw.com\/services-for-you\/personal-bankruptcy\/\"]}]},{\"@type\":\"BreadcrumbList\",\"@id\":\"https:\/\/www.ardenslaw.com\/services-for-you\/personal-bankruptcy\/#breadcrumb\",\"itemListElement\":[{\"@type\":\"ListItem\",\"position\":1,\"item\":{\"@type\":\"WebPage\",\"@id\":\"https:\/\/www.ardenslaw.com\/\",\"url\":\"https:\/\/www.ardenslaw.com\/\",\"name\":\"Home\"}},{\"@type\":\"ListItem\",\"position\":2,\"item\":{\"@type\":\"WebPage\",\"@id\":\"https:\/\/www.ardenslaw.com\/services-for-you\/\",\"url\":\"https:\/\/www.ardenslaw.com\/services-for-you\/\",\"name\":\"Services for you\"}},{\"@type\":\"ListItem\",\"position\":3,\"item\":{\"@type\":\"WebPage\",\"@id\":\"https:\/\/www.ardenslaw.com\/services-for-you\/personal-bankruptcy\/\",\"url\":\"https:\/\/www.ardenslaw.com\/services-for-you\/personal-bankruptcy\/\",\"name\":\"Personal bankruptcy\"}}]}]}<\/script>\n<!-- \/ Yoast SEO plugin. -->","_links":{"self":[{"href":"https:\/\/www.ardenslaw.com\/pl\/wp-json\/wp\/v2\/pages\/17026"}],"collection":[{"href":"https:\/\/www.ardenslaw.com\/pl\/wp-json\/wp\/v2\/pages"}],"about":[{"href":"https:\/\/www.ardenslaw.com\/pl\/wp-json\/wp\/v2\/types\/page"}],"author":[{"embeddable":true,"href":"https:\/\/www.ardenslaw.com\/pl\/wp-json\/wp\/v2\/users\/1"}],"replies":[{"embeddable":true,"href":"https:\/\/www.ardenslaw.com\/pl\/wp-json\/wp\/v2\/comments?post=17026"}],"version-history":[{"count":0,"href":"https:\/\/www.ardenslaw.com\/pl\/wp-json\/wp\/v2\/pages\/17026\/revisions"}],"up":[{"embeddable":true,"href":"https:\/\/www.ardenslaw.com\/pl\/wp-json\/wp\/v2\/pages\/16449"}],"wp:featuredmedia":[{"embeddable":true,"href":"https:\/\/www.ardenslaw.com\/pl\/wp-json\/wp\/v2\/media\/16948"}],"wp:attachment":[{"href":"https:\/\/www.ardenslaw.com\/pl\/wp-json\/wp\/v2\/media?parent=17026"}],"curies":[{"name":"wp","href":"https:\/\/api.w.org\/{rel}","templated":true}]}}