













{"id":17077,"date":"2021-01-19T16:44:41","date_gmt":"2021-01-19T16:44:41","guid":{"rendered":"https:\/\/ardenslaw2020.je-hosting.co.uk\/?page_id=17077"},"modified":"2021-03-18T10:44:35","modified_gmt":"2021-03-18T10:44:35","slug":"challenging-a-will","status":"publish","type":"page","link":"https:\/\/www.ardenslaw.com\/pl\/services-for-you\/wills-probate-and-estates\/challenging-a-will\/","title":{"rendered":"(English) Challenging a Will"},"content":{"rendered":"<p class=\"qtranxs-available-languages-message qtranxs-available-languages-message-pl\">Niedost\u0119pna wiadomo\u015b\u0107<\/p>","protected":false},"excerpt":{"rendered":"<p>Niedost\u0119pna wiadomo\u015b\u0107<\/p>\n","protected":false},"author":1,"featured_media":16939,"parent":16483,"menu_order":0,"comment_status":"closed","ping_status":"closed","template":"services-for-you-page.php","meta":{"cybocfi_hide_featured_image":""},"yoast_head":"<!-- This site is optimized with the Yoast SEO plugin v15.8 - https:\/\/yoast.com\/wordpress\/plugins\/seo\/ -->\n<title><\/title>\n<meta name=\"description\" content=\"Ardens Solicitors law firm offers challenging a will service for you. Contact us today +44 (0)20 7100 7098 or submit an inquiry on our website!\" \/>\n<meta name=\"robots\" content=\"index, follow, max-snippet:-1, max-image-preview:large, max-video-preview:-1\" \/>\n<link rel=\"canonical\" href=\"https:\/\/www.ardenslaw.com\/services-for-you\/wills-probate-and-estates\/challenging-a-will\/\" \/>\n<meta property=\"og:locale\" content=\"pl_PL\" \/>\n<meta property=\"og:type\" content=\"article\" \/>\n<meta property=\"og:title\" content=\"[:en]Challenging a Will[:] - Ardens Solicitors\" \/>\n<meta property=\"og:description\" content=\"Ardens Solicitors law firm offers challenging a will service for you. Contact us today +44 (0)20 7100 7098 or submit an inquiry on our website!\" \/>\n<meta property=\"og:url\" content=\"https:\/\/www.ardenslaw.com\/services-for-you\/wills-probate-and-estates\/challenging-a-will\/\" \/>\n<meta property=\"og:site_name\" content=\"Ardens Solicitors\" \/>\n<meta property=\"article:modified_time\" content=\"2021-03-18T10:44:35+00:00\" \/>\n<meta property=\"og:image\" content=\"https:\/\/www.ardenslaw.com\/wp-content\/uploads\/2020\/11\/Wills-probate-and-estates.jpg\" \/>\n\t<meta property=\"og:image:width\" content=\"2000\" \/>\n\t<meta property=\"og:image:height\" content=\"450\" \/>\n<meta name=\"twitter:card\" content=\"summary_large_image\" \/>\n<meta name=\"twitter:label1\" content=\"Est. reading time\">\n\t<meta name=\"twitter:data1\" content=\"2 minuty\">\n<script type=\"application\/ld+json\" class=\"yoast-schema-graph\">{\"@context\":\"https:\/\/schema.org\",\"@graph\":[{\"@type\":\"WebSite\",\"@id\":\"https:\/\/www.ardenslaw.com\/#website\",\"url\":\"https:\/\/www.ardenslaw.com\/\",\"name\":\"Ardens Solicitors\",\"description\":\"We are a multicultural firm and take pride in our ability to serve a diverse client base.\",\"potentialAction\":[{\"@type\":\"SearchAction\",\"target\":\"https:\/\/www.ardenslaw.com\/?s={search_term_string}\",\"query-input\":\"required name=search_term_string\"}],\"inLanguage\":\"pl-PL\"},{\"@type\":\"ImageObject\",\"@id\":\"https:\/\/www.ardenslaw.com\/services-for-you\/wills-probate-and-estates\/challenging-a-will\/#primaryimage\",\"inLanguage\":\"pl-PL\",\"url\":\"https:\/\/www.ardenslaw.com\/wp-content\/uploads\/2020\/11\/Wills-probate-and-estates.jpg\",\"width\":2000,\"height\":450,\"caption\":\"Wills, probate and estates\"},{\"@type\":\"WebPage\",\"@id\":\"https:\/\/www.ardenslaw.com\/services-for-you\/wills-probate-and-estates\/challenging-a-will\/#webpage\",\"url\":\"https:\/\/www.ardenslaw.com\/services-for-you\/wills-probate-and-estates\/challenging-a-will\/\",\"name\":\"[:en]Challenging a Will[:] - Ardens Solicitors\",\"isPartOf\":{\"@id\":\"https:\/\/www.ardenslaw.com\/#website\"},\"primaryImageOfPage\":{\"@id\":\"https:\/\/www.ardenslaw.com\/services-for-you\/wills-probate-and-estates\/challenging-a-will\/#primaryimage\"},\"datePublished\":\"2021-01-19T16:44:41+00:00\",\"dateModified\":\"2021-03-18T10:44:35+00:00\",\"description\":\"Ardens Solicitors law firm offers challenging a will service for you. Contact us today +44 (0)20 7100 7098 or submit an inquiry on our website!\",\"breadcrumb\":{\"@id\":\"https:\/\/www.ardenslaw.com\/services-for-you\/wills-probate-and-estates\/challenging-a-will\/#breadcrumb\"},\"inLanguage\":\"pl-PL\",\"potentialAction\":[{\"@type\":\"ReadAction\",\"target\":[\"https:\/\/www.ardenslaw.com\/services-for-you\/wills-probate-and-estates\/challenging-a-will\/\"]}]},{\"@type\":\"BreadcrumbList\",\"@id\":\"https:\/\/www.ardenslaw.com\/services-for-you\/wills-probate-and-estates\/challenging-a-will\/#breadcrumb\",\"itemListElement\":[{\"@type\":\"ListItem\",\"position\":1,\"item\":{\"@type\":\"WebPage\",\"@id\":\"https:\/\/www.ardenslaw.com\/\",\"url\":\"https:\/\/www.ardenslaw.com\/\",\"name\":\"Home\"}},{\"@type\":\"ListItem\",\"position\":2,\"item\":{\"@type\":\"WebPage\",\"@id\":\"https:\/\/www.ardenslaw.com\/services-for-you\/\",\"url\":\"https:\/\/www.ardenslaw.com\/services-for-you\/\",\"name\":\"Services for you\"}},{\"@type\":\"ListItem\",\"position\":3,\"item\":{\"@type\":\"WebPage\",\"@id\":\"https:\/\/www.ardenslaw.com\/services-for-you\/wills-probate-and-estates\/\",\"url\":\"https:\/\/www.ardenslaw.com\/services-for-you\/wills-probate-and-estates\/\",\"name\":\"Wills, probate and estates\"}},{\"@type\":\"ListItem\",\"position\":4,\"item\":{\"@type\":\"WebPage\",\"@id\":\"https:\/\/www.ardenslaw.com\/services-for-you\/wills-probate-and-estates\/challenging-a-will\/\",\"url\":\"https:\/\/www.ardenslaw.com\/services-for-you\/wills-probate-and-estates\/challenging-a-will\/\",\"name\":\"Challenging a Will\"}}]}]}<\/script>\n<!-- \/ Yoast SEO plugin. -->","_links":{"self":[{"href":"https:\/\/www.ardenslaw.com\/pl\/wp-json\/wp\/v2\/pages\/17077"}],"collection":[{"href":"https:\/\/www.ardenslaw.com\/pl\/wp-json\/wp\/v2\/pages"}],"about":[{"href":"https:\/\/www.ardenslaw.com\/pl\/wp-json\/wp\/v2\/types\/page"}],"author":[{"embeddable":true,"href":"https:\/\/www.ardenslaw.com\/pl\/wp-json\/wp\/v2\/users\/1"}],"replies":[{"embeddable":true,"href":"https:\/\/www.ardenslaw.com\/pl\/wp-json\/wp\/v2\/comments?post=17077"}],"version-history":[{"count":0,"href":"https:\/\/www.ardenslaw.com\/pl\/wp-json\/wp\/v2\/pages\/17077\/revisions"}],"up":[{"embeddable":true,"href":"https:\/\/www.ardenslaw.com\/pl\/wp-json\/wp\/v2\/pages\/16483"}],"wp:featuredmedia":[{"embeddable":true,"href":"https:\/\/www.ardenslaw.com\/pl\/wp-json\/wp\/v2\/media\/16939"}],"wp:attachment":[{"href":"https:\/\/www.ardenslaw.com\/pl\/wp-json\/wp\/v2\/media?parent=17077"}],"curies":[{"name":"wp","href":"https:\/\/api.w.org\/{rel}","templated":true}]}}