













{"id":17471,"date":"2021-11-03T15:22:53","date_gmt":"2021-11-03T15:22:53","guid":{"rendered":"https:\/\/www.ardenslaw.com\/?page_id=17471"},"modified":"2022-01-27T14:56:00","modified_gmt":"2022-01-27T14:56:00","slug":"complaints-procedure","status":"publish","type":"page","link":"https:\/\/www.ardenslaw.com\/pl\/complaints-procedure\/","title":{"rendered":"(English) Complaints Procedure"},"content":{"rendered":"<p class=\"qtranxs-available-languages-message qtranxs-available-languages-message-pl\">Niedost\u0119pna wiadomo\u015b\u0107<\/p>","protected":false},"excerpt":{"rendered":"<p>Niedost\u0119pna wiadomo\u015b\u0107<\/p>\n","protected":false},"author":1,"featured_media":0,"parent":0,"menu_order":0,"comment_status":"closed","ping_status":"closed","template":"inner-page-full-width.php","meta":{"cybocfi_hide_featured_image":""},"yoast_head":"<!-- This site is optimized with the Yoast SEO plugin v15.8 - https:\/\/yoast.com\/wordpress\/plugins\/seo\/ -->\n<title><\/title>\n<meta name=\"robots\" content=\"index, follow, max-snippet:-1, max-image-preview:large, max-video-preview:-1\" \/>\n<link rel=\"canonical\" href=\"https:\/\/www.ardenslaw.com\/complaints-procedure\/\" \/>\n<meta property=\"og:locale\" content=\"pl_PL\" \/>\n<meta property=\"og:type\" content=\"article\" \/>\n<meta property=\"og:title\" content=\"[:en]Complaints Procedure[:] - Ardens Solicitors\" \/>\n<meta property=\"og:description\" content=\"Niedost\u0119pna wiadomo\u015b\u0107\" \/>\n<meta property=\"og:url\" content=\"https:\/\/www.ardenslaw.com\/complaints-procedure\/\" \/>\n<meta property=\"og:site_name\" content=\"Ardens Solicitors\" \/>\n<meta property=\"article:modified_time\" content=\"2022-01-27T14:56:00+00:00\" \/>\n<meta name=\"twitter:card\" content=\"summary_large_image\" \/>\n<meta name=\"twitter:label1\" content=\"Est. reading time\">\n\t<meta name=\"twitter:data1\" content=\"2 minuty\">\n<script type=\"application\/ld+json\" class=\"yoast-schema-graph\">{\"@context\":\"https:\/\/schema.org\",\"@graph\":[{\"@type\":\"WebSite\",\"@id\":\"https:\/\/www.ardenslaw.com\/#website\",\"url\":\"https:\/\/www.ardenslaw.com\/\",\"name\":\"Ardens Solicitors\",\"description\":\"We are a multicultural firm and take pride in our ability to serve a diverse client base.\",\"potentialAction\":[{\"@type\":\"SearchAction\",\"target\":\"https:\/\/www.ardenslaw.com\/?s={search_term_string}\",\"query-input\":\"required name=search_term_string\"}],\"inLanguage\":\"pl-PL\"},{\"@type\":\"WebPage\",\"@id\":\"https:\/\/www.ardenslaw.com\/complaints-procedure\/#webpage\",\"url\":\"https:\/\/www.ardenslaw.com\/complaints-procedure\/\",\"name\":\"[:en]Complaints Procedure[:] - Ardens Solicitors\",\"isPartOf\":{\"@id\":\"https:\/\/www.ardenslaw.com\/#website\"},\"datePublished\":\"2021-11-03T15:22:53+00:00\",\"dateModified\":\"2022-01-27T14:56:00+00:00\",\"breadcrumb\":{\"@id\":\"https:\/\/www.ardenslaw.com\/complaints-procedure\/#breadcrumb\"},\"inLanguage\":\"pl-PL\",\"potentialAction\":[{\"@type\":\"ReadAction\",\"target\":[\"https:\/\/www.ardenslaw.com\/complaints-procedure\/\"]}]},{\"@type\":\"BreadcrumbList\",\"@id\":\"https:\/\/www.ardenslaw.com\/complaints-procedure\/#breadcrumb\",\"itemListElement\":[{\"@type\":\"ListItem\",\"position\":1,\"item\":{\"@type\":\"WebPage\",\"@id\":\"https:\/\/www.ardenslaw.com\/\",\"url\":\"https:\/\/www.ardenslaw.com\/\",\"name\":\"Home\"}},{\"@type\":\"ListItem\",\"position\":2,\"item\":{\"@type\":\"WebPage\",\"@id\":\"https:\/\/www.ardenslaw.com\/complaints-procedure\/\",\"url\":\"https:\/\/www.ardenslaw.com\/complaints-procedure\/\",\"name\":\"Complaints Procedure\"}}]}]}<\/script>\n<!-- \/ Yoast SEO plugin. -->","_links":{"self":[{"href":"https:\/\/www.ardenslaw.com\/pl\/wp-json\/wp\/v2\/pages\/17471"}],"collection":[{"href":"https:\/\/www.ardenslaw.com\/pl\/wp-json\/wp\/v2\/pages"}],"about":[{"href":"https:\/\/www.ardenslaw.com\/pl\/wp-json\/wp\/v2\/types\/page"}],"author":[{"embeddable":true,"href":"https:\/\/www.ardenslaw.com\/pl\/wp-json\/wp\/v2\/users\/1"}],"replies":[{"embeddable":true,"href":"https:\/\/www.ardenslaw.com\/pl\/wp-json\/wp\/v2\/comments?post=17471"}],"version-history":[{"count":0,"href":"https:\/\/www.ardenslaw.com\/pl\/wp-json\/wp\/v2\/pages\/17471\/revisions"}],"wp:attachment":[{"href":"https:\/\/www.ardenslaw.com\/pl\/wp-json\/wp\/v2\/media?parent=17471"}],"curies":[{"name":"wp","href":"https:\/\/api.w.org\/{rel}","templated":true}]}}